{"id":15,"date":"2017-01-16T19:10:04","date_gmt":"2017-01-16T18:10:04","guid":{"rendered":"http:\/\/vieltextil.de\/?page_id=15"},"modified":"2017-12-09T17:02:06","modified_gmt":"2017-12-09T16:02:06","slug":"aenderungsschneiderei","status":"publish","type":"page","link":"https:\/\/vieltextil.de\/?page_id=15","title":{"rendered":"\u00c4nderungsschneiderei"},"content":{"rendered":"<p>F\u00fcr \u00c4nderungen aller Art bitte \u00fcber das <a href=\"http:\/\/vieltextil.de\/?page_id=69\">Kontaktformular<\/a> anfragen<\/p>\n<p>Ich k\u00fcrze Hosen, repariere Kleidungsst\u00fccke aller Art und \u00e4ndere Bekleidungen nach Wunsch.<\/p>\n<p>&nbsp;<\/p>\n<p>&nbsp;<\/p>\n<p>&nbsp;<\/p>\n","protected":false},"excerpt":{"rendered":"<p>F\u00fcr \u00c4nderungen aller Art bitte \u00fcber das Kontaktformular anfragen Ich k\u00fcrze Hosen, repariere Kleidungsst\u00fccke aller Art und \u00e4ndere Bekleidungen nach Wunsch. &nbsp; &nbsp; &nbsp;<\/p>\n","protected":false},"author":1,"featured_media":0,"parent":0,"menu_order":0,"comment_status":"closed","ping_status":"closed","template":"","meta":{"footnotes":""},"class_list":["post-15","page","type-page","status-publish","hentry"],"_links":{"self":[{"href":"https:\/\/vieltextil.de\/index.php?rest_route=\/wp\/v2\/pages\/15","targetHints":{"allow":["GET"]}}],"collection":[{"href":"https:\/\/vieltextil.de\/index.php?rest_route=\/wp\/v2\/pages"}],"about":[{"href":"https:\/\/vieltextil.de\/index.php?rest_route=\/wp\/v2\/types\/page"}],"author":[{"embeddable":true,"href":"https:\/\/vieltextil.de\/index.php?rest_route=\/wp\/v2\/users\/1"}],"replies":[{"embeddable":true,"href":"https:\/\/vieltextil.de\/index.php?rest_route=%2Fwp%2Fv2%2Fcomments&post=15"}],"version-history":[{"count":5,"href":"https:\/\/vieltextil.de\/index.php?rest_route=\/wp\/v2\/pages\/15\/revisions"}],"predecessor-version":[{"id":210,"href":"https:\/\/vieltextil.de\/index.php?rest_route=\/wp\/v2\/pages\/15\/revisions\/210"}],"wp:attachment":[{"href":"https:\/\/vieltextil.de\/index.php?rest_route=%2Fwp%2Fv2%2Fmedia&parent=15"}],"curies":[{"name":"wp","href":"https:\/\/api.w.org\/{rel}","templated":true}]}}