{"id":81,"date":"2017-01-17T19:01:11","date_gmt":"2017-01-17T18:01:11","guid":{"rendered":"http:\/\/vieltextil.de\/?page_id=81"},"modified":"2017-01-17T19:05:19","modified_gmt":"2017-01-17T18:05:19","slug":"rechtliches","status":"publish","type":"page","link":"https:\/\/vieltextil.de\/?page_id=81","title":{"rendered":"Rechtliches"},"content":{"rendered":"<p><strong>Textilkennzeichnungspflicht:<\/strong><\/p>\n<p>Bei den hier angebotenen Kleidungsst\u00fccken und textilen Erzeugnissen handelt es sich um ma\u00dfgeschneiderte Textilerzeugnisse, die von selbstst\u00e4ndigen Schneidern hergestellt wurden, gem\u00e4\u00df \u00a71 Absatz 3 TextilKennzG und Art. 2, Absatz 4 der <span class=\"gesetz_normueberschrift\">Verordnung (EU) Nr. 1007\/2011 des Europ\u00e4ischen Parlaments und des Rates vom 27. September 2011 \u00fcber die Bezeichnungen von Textilfasern und die damit zusammenh\u00e4ngende Etikettierung und Kennzeichnung der Faserzusammensetzung von Textilerzeugnissen und zur Aufhebung der Richtlinie 73\/44\/EWG des Rates und der Richtlinien 96\/73\/EG und 2008\/121\/EG des Europ\u00e4ischen Parlaments und des Rates.<\/span><\/p>\n<p>Somit entf\u00e4llt die Kennzeichnungpflicht!<\/p>\n","protected":false},"excerpt":{"rendered":"<p>Textilkennzeichnungspflicht: Bei den hier angebotenen Kleidungsst\u00fccken und textilen Erzeugnissen handelt es sich um ma\u00dfgeschneiderte Textilerzeugnisse, die von selbstst\u00e4ndigen Schneidern hergestellt wurden, gem\u00e4\u00df \u00a71 Absatz 3 TextilKennzG und Art. 2, Absatz 4 der Verordnung (EU) Nr. 1007\/2011 des Europ\u00e4ischen Parlaments und des Rates vom 27. September 2011 \u00fcber die Bezeichnungen von Textilfasern und die damit zusammenh\u00e4ngende &hellip; <a href=\"https:\/\/vieltextil.de\/?page_id=81\" class=\"more-link\"><span class=\"screen-reader-text\">Rechtliches<\/span> weiterlesen <span class=\"meta-nav\">&rarr;<\/span><\/a><\/p>\n","protected":false},"author":1,"featured_media":0,"parent":0,"menu_order":0,"comment_status":"closed","ping_status":"closed","template":"","meta":{"footnotes":""},"class_list":["post-81","page","type-page","status-publish","hentry"],"_links":{"self":[{"href":"https:\/\/vieltextil.de\/index.php?rest_route=\/wp\/v2\/pages\/81","targetHints":{"allow":["GET"]}}],"collection":[{"href":"https:\/\/vieltextil.de\/index.php?rest_route=\/wp\/v2\/pages"}],"about":[{"href":"https:\/\/vieltextil.de\/index.php?rest_route=\/wp\/v2\/types\/page"}],"author":[{"embeddable":true,"href":"https:\/\/vieltextil.de\/index.php?rest_route=\/wp\/v2\/users\/1"}],"replies":[{"embeddable":true,"href":"https:\/\/vieltextil.de\/index.php?rest_route=%2Fwp%2Fv2%2Fcomments&post=81"}],"version-history":[{"count":3,"href":"https:\/\/vieltextil.de\/index.php?rest_route=\/wp\/v2\/pages\/81\/revisions"}],"predecessor-version":[{"id":86,"href":"https:\/\/vieltextil.de\/index.php?rest_route=\/wp\/v2\/pages\/81\/revisions\/86"}],"wp:attachment":[{"href":"https:\/\/vieltextil.de\/index.php?rest_route=%2Fwp%2Fv2%2Fmedia&parent=81"}],"curies":[{"name":"wp","href":"https:\/\/api.w.org\/{rel}","templated":true}]}}